{"id":97,"date":"2018-09-06T09:43:20","date_gmt":"2018-09-06T09:43:20","guid":{"rendered":"http:\/\/redi.jtnpanel.com:4000\/?page_id=97"},"modified":"2025-10-09T09:27:22","modified_gmt":"2025-10-09T09:27:22","slug":"gone-digital","status":"publish","type":"page","link":"https:\/\/jtnresearch.com\/dk\/gone-digital\/","title":{"rendered":"Digital"},"content":{"rendered":"<div id=\"pl-97\" class=\"panel-layout\">\n<div id=\"pg-97-0\" class=\"panel-grid panel-no-style\">\n<div id=\"pgc-97-0-0\" class=\"panel-grid-cell\" data-weight=\"1\">\n<div id=\"panel-97-0-0-0\" class=\"so-panel widget widget_sow-editor panel-first-child panel-last-child\" data-index=\"0\" data-style=\"{&quot;background_image_attachment&quot;:false,&quot;background_display&quot;:&quot;tile&quot;}\">\n<div class=\"so-widget-sow-editor so-widget-sow-editor-base\">\n<div class=\"siteorigin-widget-tinymce textwidget\">\n<h1 style=\"text-align: left;\"><span style=\"font-size: 32px;\">DIGITAL<\/span><\/h1>\n<h2><span style=\"font-size: 28px;\">Programmering af sp\u00f8rgeramme<\/span><\/h2>\n<p>Vi er stolte at kunne tilbyde professionel og kvalitetsbevidst programmering i JTN. Vi har mere end 40 \u00e5rs erfaring inden for programmering af sp\u00f8rgeramme og vi s\u00f8rger altid for at skemaer bliver testet igennem og tjekket op med de \u00f8nskede kriterier fra vores kunde.<\/p>\n<p>Vores kunder kan altid v\u00e6lge mellem forskellige l\u00f8sninger og tilgange blandt Flash &amp; Graphics Design, Custom ASP, PHP Development, .NET, Java og meget mere.<\/p>\n<p>Vi kan skabe 3D produkt og hyldetest samt en indk\u00f8bsoplevelse som vi vil implementere i den \u00f8nskede sp\u00f8rgeramme.<\/p>\n<h2><span style=\"font-size: 28px;\">Kvalitetsvalidering<\/span><\/h2>\n<p>Vi sikre altid kvalitetskontrol af vores data for alle vores onsite hosted projekter.<\/p>\n<p>Vores budskab er simpelt og d\u00e6kker en bred vifte af kvalitetstjek som Geo lokation, digital de-duplikation, speedster check og straightliners. Vi sikre  ogs\u00e5 at det er unikke respondenter der deltager i dataindsamling.<\/p>\n<h2><span style=\"font-size: 28px;\">Databehandling<\/span><\/h2>\n<p>Vi er en trov\u00e6rdig partner der altid s\u00f8rger for at levere kvalitetsbevidst data samt sikre det er nemt at v\u00e6re kunde.<\/p>\n<p>Vi fors\u00f8ger at tilbyde og arbejde ud fra de bedste l\u00f8sninger som Quantum, SPSS for at n\u00e6vne nogle.<\/p>\n<p>&nbsp;<\/p>\n<\/div>\n<\/div>\n<h4><span style=\"color: #262d5e;\"><strong>Kontakt os endelig og modtag vores panelbog!<\/strong><\/span><br \/>\n<a class=\"inner_button\" href=\"https:\/\/jtnresearch.com\/dk\/request-a-panel-book\/\">Foresp\u00f8rg vores Panelbog<\/a><\/h4>\n<\/div>\n<\/div>\n<\/div>\n<\/div>","protected":false},"excerpt":{"rendered":"<p>GONE DIGITAL Survey Programming Relying on a combined experience of over 40 years of survey programming of our team, we are proud to offer questionnaire scripting. Our clients can choose from a wide range of solutions and approaches, among which Flash &amp; Graphic Design, Custom ASP, PHP development, .NET, Java and many more. We can create 3D pack or shelf designs of your products, recreate a shopping experience and many more, which we can easily [&hellip;]<\/p>","protected":false},"author":1,"featured_media":619,"parent":0,"menu_order":0,"comment_status":"closed","ping_status":"closed","template":"","meta":[],"_links":{"self":[{"href":"https:\/\/jtnresearch.com\/dk\/wp-json\/wp\/v2\/pages\/97"}],"collection":[{"href":"https:\/\/jtnresearch.com\/dk\/wp-json\/wp\/v2\/pages"}],"about":[{"href":"https:\/\/jtnresearch.com\/dk\/wp-json\/wp\/v2\/types\/page"}],"author":[{"embeddable":true,"href":"https:\/\/jtnresearch.com\/dk\/wp-json\/wp\/v2\/users\/1"}],"replies":[{"embeddable":true,"href":"https:\/\/jtnresearch.com\/dk\/wp-json\/wp\/v2\/comments?post=97"}],"version-history":[{"count":22,"href":"https:\/\/jtnresearch.com\/dk\/wp-json\/wp\/v2\/pages\/97\/revisions"}],"predecessor-version":[{"id":2086,"href":"https:\/\/jtnresearch.com\/dk\/wp-json\/wp\/v2\/pages\/97\/revisions\/2086"}],"wp:featuredmedia":[{"embeddable":true,"href":"https:\/\/jtnresearch.com\/dk\/wp-json\/wp\/v2\/media\/619"}],"wp:attachment":[{"href":"https:\/\/jtnresearch.com\/dk\/wp-json\/wp\/v2\/media?parent=97"}],"curies":[{"name":"wp","href":"https:\/\/api.w.org\/{rel}","templated":true}]}}