{"id":82,"date":"2018-09-06T07:53:51","date_gmt":"2018-09-06T07:53:51","guid":{"rendered":"http:\/\/redi.jtnpanel.com:4000\/?page_id=82"},"modified":"2025-10-09T08:17:43","modified_gmt":"2025-10-09T08:17:43","slug":"target-audiences","status":"publish","type":"page","link":"https:\/\/jtnresearch.com\/dk\/target-audiences\/","title":{"rendered":"M\u00e5lgrupper"},"content":{"rendered":"<div id=\"pl-82\" class=\"panel-layout\">\n<div id=\"pg-82-0\" class=\"panel-grid panel-no-style\">\n<div id=\"pgc-82-0-0\" class=\"panel-grid-cell\" data-weight=\"1\">\n<div id=\"panel-82-0-0-0\" class=\"so-panel widget widget_sow-editor panel-first-child panel-last-child\" data-index=\"0\" data-style=\"{&quot;background_image_attachment&quot;:false,&quot;background_display&quot;:&quot;tile&quot;}\">\n<div class=\"so-widget-sow-editor so-widget-sow-editor-base\">\n<div class=\"siteorigin-widget-tinymce textwidget\">\n<h1 style=\"text-align: left;\"><span style=\"font-size: 32px;\">M\u00c5LGRUPPER<\/span><\/h1>\n<p>&nbsp;<\/p>\n<h2><span style=\"font-size: 28px;\">Online Panel JTN<\/span><\/h2>\n<p>Vi har investeret i vores panel siden 2007 og sikre os at vi altid levere data i bedst mulig kvalitet.<\/p>\n<p>JTN har nogle at de bedst profilerede respondenter med signifikant st\u00f8rrelse blandt paneler i hele verden. Vores kontinuerlige rekrutteringskampagner er unikke og af h\u00f8j kvalitet. Vi sender unders\u00f8gelser ud og sikre at vores respondenter bliver bel\u00f8nnet for at dele deres mening og holdninger.<\/p>\n<p>&nbsp;<\/p>\n<h2><span style=\"font-size: 24px;\"><strong>Propriet\u00e6re paneler<\/strong><\/span><\/h2>\n<p>Currently we own 49 proprietary panels, representing an impressive coverage in the AMS, EMEA and APAC regions.<\/p>\n<p>Globalt har vi adgang til mere end 10 millioner respondenter fordelt over mere end 80 lande.<\/p>\n<p>&nbsp;<\/p>\n<h2><span style=\"font-size: 24px;\"><strong>Omr\u00e5der<\/strong><\/span><\/h2>\n<h3><span style=\"color: #262d5e;\"><strong>AMS<\/strong><\/span><\/h3>\n<p>Argentina, Brazil, Canada, Chile, Colombia, Mexico, United States<\/p>\n<h3><span style=\"color: #262d5e;\"><strong>EMEA<\/strong><\/span><\/h3>\n<p><span style=\"color: #262d5e; font-family: helvetica, arial, sans-serif;\"><strong>Europa<\/strong> <\/span>&#8211; Austria, Belarus, Belgium, Bosnia, Bulgaria, Croatia, Cyprus, Czech Rep., Denmark, Estonia, Finland, France, Germany, Greece, Hungary, Italy, Kazakhstan, Latvia, Lithuania, Macedonia, Montenegro, Netherlands, Norway, Poland, Portugal, Romania, Russia, Serbia, Slovakia, Slovenia, Spain, Sweden, Switzerland, Turkey, Ukraine, United Kingdom<\/p>\n<p><span style=\"color: #262d5e; font-family: helvetica, arial, sans-serif;\"><strong>Afrika<\/strong> <\/span>Algeria, Angola, Botwsana, Cameroon, Egypt, Ethiopia, Ghana, Ivory Coast, Kenya, Libya, Morocco, Mozambique, Namibia, Nigeria, South Africa, Tunisia, Zambia, Zimbabwe<\/p>\n<p><span style=\"color: #262d5e; font-family: helvetica, arial, sans-serif;\"><strong>Mellem\u00f8sten<\/strong><\/span> &#8211; UAE, Saudi Arabia<\/p>\n<h3><span style=\"color: #262d5e;\"><strong>APAC<\/strong><\/span><\/h3>\n<p>Australia, China, India, Indonesia, Japan, Malaysia, Philippines, Thailand<\/p>\n<p>&nbsp;<\/p>\n<h2><span style=\"font-size: 24px;\">Brugerdefineret Paneler<\/span><\/h2>\n<p>Alle JTN Paneler er monitoreret og kontrolleret af vores egne teams i JTN og JTN Nordic.<\/p>\n<p>Vi har hjulpet mange af vores kunder med udvikling af deres egne brugerdefineret panel som er designet efter kundens \u00f8nske, udf\u00f8rt support og dag til dag kontrol. JTN s\u00f8rger for at det er skr\u00e6ddersyet til lige netop kundens behov.<\/p>\n<p>&nbsp;<\/p>\n<h2><span style=\"font-size: 24px;\">Respondents r\u00e6kkevidde<\/span><\/h2>\n<p>Vores globale r\u00e6kkevidde g\u00f8r at vi har adgang til millioner af respondenter i mere end 80 forskellige lande.<\/p>\n<p>National repr\u00e6sentativ fordeling er mulig i alle de lande som vi udf\u00f8re unders\u00f8gelser i.<\/p>\n<p>Vores baggrundsdata g\u00f8r det muligt at pr\u00e6definere vores respondenter inden for forskellige omr\u00e5der hvor de f.eks. er beslutningstagere inden for IT, Finans samt mange andre muligheder.<\/p>\n<p>&nbsp;<\/p>\n<h4><strong><span style=\"color: #262d5e;\">Kontakt os endelig og modtag vores panelbog!<\/span><\/strong><br \/>\n<a class=\"inner_button\" href=\"https:\/\/jtnresearch.com\/dk\/request-a-panel-book\/\">Foresp\u00f8rg vores Panelbog<\/a><\/h4>\n<\/div>\n<\/div>\n<\/div>\n<\/div>\n<\/div>\n<\/div>\n<p><!--more--><\/p>","protected":false},"excerpt":{"rendered":"<p>TARGET AUDIENCES &nbsp; Online Panel Reach We\u2019ve been investing in our panels since 2007, ensuring that we provide highest quality respondent data. JTN has some of the best profiled online respondent panels with significant size in various markets across the world. Our continuous new panelist recruitment campaigns, use adaptive methodologies to guarantee unique and colorful market coverage. We conduct surveys on a regular basis in order to keep up with audience\u2019s opinion and preferences. &nbsp; [&hellip;]<\/p>","protected":false},"author":1,"featured_media":94,"parent":0,"menu_order":0,"comment_status":"closed","ping_status":"closed","template":"","meta":[],"_links":{"self":[{"href":"https:\/\/jtnresearch.com\/dk\/wp-json\/wp\/v2\/pages\/82"}],"collection":[{"href":"https:\/\/jtnresearch.com\/dk\/wp-json\/wp\/v2\/pages"}],"about":[{"href":"https:\/\/jtnresearch.com\/dk\/wp-json\/wp\/v2\/types\/page"}],"author":[{"embeddable":true,"href":"https:\/\/jtnresearch.com\/dk\/wp-json\/wp\/v2\/users\/1"}],"replies":[{"embeddable":true,"href":"https:\/\/jtnresearch.com\/dk\/wp-json\/wp\/v2\/comments?post=82"}],"version-history":[{"count":55,"href":"https:\/\/jtnresearch.com\/dk\/wp-json\/wp\/v2\/pages\/82\/revisions"}],"predecessor-version":[{"id":2085,"href":"https:\/\/jtnresearch.com\/dk\/wp-json\/wp\/v2\/pages\/82\/revisions\/2085"}],"wp:featuredmedia":[{"embeddable":true,"href":"https:\/\/jtnresearch.com\/dk\/wp-json\/wp\/v2\/media\/94"}],"wp:attachment":[{"href":"https:\/\/jtnresearch.com\/dk\/wp-json\/wp\/v2\/media?parent=82"}],"curies":[{"name":"wp","href":"https:\/\/api.w.org\/{rel}","templated":true}]}}