{"id":784,"date":"2020-02-06T10:21:35","date_gmt":"2020-02-06T10:21:35","guid":{"rendered":"http:\/\/jtn.szakotech.hu:4000\/?page_id=784"},"modified":"2024-06-21T08:09:25","modified_gmt":"2024-06-21T08:09:25","slug":"jtn-lab","status":"publish","type":"page","link":"https:\/\/jtnresearch.com\/dk\/jtn-lab\/","title":{"rendered":"JTN LAB"},"content":{"rendered":"<h1>JTN LAB<\/h1>\n<p>&nbsp;<\/p>\n<p>Ville det ikke v\u00e6re fantastisk at bruge mindre tid p\u00e5 e-mails og koordinering og bruge energien p\u00e5 research?<\/p>\n<p>&nbsp;<\/p>\n<p>Det er muligt i JTN LAB som er det nyeste og smarte produkt vi har udviklet. Det giver dig adgang til en r\u00e6kke tjenester inden for feasibility check, indsamlings status, pr\u00e6 definere din m\u00e5lgruppe til \u00f8nsket sp\u00f8rgeramme og meget mere. Du kan slippe din kreativitet l\u00f8s og fokusere p\u00e5 den faktiske indsigt. JTN LAB kombineret med automatiseret proces g\u00f8r det muligt at v\u00e6lge mellem for-udfyldte templates indeholdende scripts. Der er mange muligheder i JTN LAB som du vil have stor gl\u00e6de af.<\/p>\n<p>&nbsp;<\/p>\n<p>F\u00e5 et glimt af en lys fremtid med JTN LAB hvor AI (Kunstig Intelligens) og automatisering vil fungerer p\u00e5 h\u00f8jt plan.<\/p>","protected":false},"excerpt":{"rendered":"<p>JTN Lab &nbsp; Wouldn\u2019t it be great to spend less time sending emails and coordinating tasks, just devote your energy to actual research findings? What if we say, now you can have your survey script and your targeted audience sample ready, before you finish your morning coffee? And that without even asking for a quote. &nbsp; All this and much more is possible in JTN Lab \u2013 the newest and fanciest JTN product so far. [&hellip;]<\/p>","protected":false},"author":1,"featured_media":789,"parent":0,"menu_order":0,"comment_status":"closed","ping_status":"closed","template":"","meta":[],"_links":{"self":[{"href":"https:\/\/jtnresearch.com\/dk\/wp-json\/wp\/v2\/pages\/784"}],"collection":[{"href":"https:\/\/jtnresearch.com\/dk\/wp-json\/wp\/v2\/pages"}],"about":[{"href":"https:\/\/jtnresearch.com\/dk\/wp-json\/wp\/v2\/types\/page"}],"author":[{"embeddable":true,"href":"https:\/\/jtnresearch.com\/dk\/wp-json\/wp\/v2\/users\/1"}],"replies":[{"embeddable":true,"href":"https:\/\/jtnresearch.com\/dk\/wp-json\/wp\/v2\/comments?post=784"}],"version-history":[{"count":9,"href":"https:\/\/jtnresearch.com\/dk\/wp-json\/wp\/v2\/pages\/784\/revisions"}],"predecessor-version":[{"id":867,"href":"https:\/\/jtnresearch.com\/dk\/wp-json\/wp\/v2\/pages\/784\/revisions\/867"}],"wp:featuredmedia":[{"embeddable":true,"href":"https:\/\/jtnresearch.com\/dk\/wp-json\/wp\/v2\/media\/789"}],"wp:attachment":[{"href":"https:\/\/jtnresearch.com\/dk\/wp-json\/wp\/v2\/media?parent=784"}],"curies":[{"name":"wp","href":"https:\/\/api.w.org\/{rel}","templated":true}]}}