{"id":190,"date":"2018-09-07T07:48:14","date_gmt":"2018-09-07T07:48:14","guid":{"rendered":"http:\/\/redi.jtnpanel.com:4000\/?page_id=190"},"modified":"2025-01-15T18:10:58","modified_gmt":"2025-01-15T18:10:58","slug":"panel-book","status":"publish","type":"page","link":"https:\/\/jtnresearch.com\/dk\/panel-book\/","title":{"rendered":"Ressourcer"},"content":{"rendered":"<div id=\"pl-190\" class=\"panel-layout\">\n<div id=\"pg-190-0\" class=\"panel-grid panel-no-style\">\n<div id=\"pgc-190-0-0\" class=\"panel-grid-cell\" data-weight=\"1\">\n<div id=\"panel-190-0-0-0\" class=\"so-panel widget widget_sow-editor panel-first-child panel-last-child\" data-index=\"0\" data-style=\"{&quot;background_image_attachment&quot;:false,&quot;background_display&quot;:&quot;tile&quot;}\">\n<div class=\"so-widget-sow-editor so-widget-sow-editor-base\">\n<div class=\"siteorigin-widget-tinymce textwidget\">\n<h1>RESOURCES<\/h1>\n<p>Company presentations that can be downloaded:<\/p>\n<ul style=\"margin-left: 30px;\">\n<li>Panelbook<\/li>\n<li>ESOMAR 37 Questions<\/li>\n<li>Data quality validation<\/li>\n<\/ul>\n<p>Udfyld nedenst\u00e5ende formular og vi vil vende tilbage med l\u00f8sning p\u00e5 din opgave.<\/p>\n<div class=\"contact_form inner_contact_form\"><div role=\"form\" class=\"wpcf7\" id=\"wpcf7-f6-o1\" lang=\"en-US\" dir=\"ltr\">\n<div class=\"screen-reader-response\"><\/div>\n<form action=\"\/dk\/wp-json\/wp\/v2\/pages\/190#wpcf7-f6-o1\" method=\"post\" class=\"wpcf7-form\" novalidate=\"novalidate\" data-trp-original-action=\"\/dk\/wp-json\/wp\/v2\/pages\/190#wpcf7-f6-o1\">\n<div style=\"display: none;\">\n<input type=\"hidden\" name=\"_wpcf7\" value=\"6\" \/>\n<input type=\"hidden\" name=\"_wpcf7_version\" value=\"5.0.4\" \/>\n<input type=\"hidden\" name=\"_wpcf7_locale\" value=\"en_US\" \/>\n<input type=\"hidden\" name=\"_wpcf7_unit_tag\" value=\"wpcf7-f6-o1\" \/>\n<input type=\"hidden\" name=\"_wpcf7_container_post\" value=\"0\" \/>\n<\/div>\n<p><label>Navn<\/label><br \/>\n<span class=\"wpcf7-form-control-wrap text-937\"><input type=\"text\" name=\"text-937\" value=\"\" size=\"40\" class=\"wpcf7-form-control wpcf7-text wpcf7-validates-as-required\" aria-required=\"true\" aria-invalid=\"false\" \/><\/span><\/p>\n<p><label>Email<\/label><br \/>\n<span class=\"wpcf7-form-control-wrap email-911\"><input type=\"email\" name=\"email-911\" value=\"\" size=\"40\" class=\"wpcf7-form-control wpcf7-text wpcf7-email wpcf7-validates-as-required wpcf7-validates-as-email\" aria-required=\"true\" aria-invalid=\"false\" \/><\/span><\/p>\n<p><label>Emne<\/label><br \/>\n<span class=\"wpcf7-form-control-wrap text-938\"><input type=\"text\" name=\"text-938\" value=\"\" size=\"40\" class=\"wpcf7-form-control wpcf7-text wpcf7-validates-as-required\" aria-required=\"true\" aria-invalid=\"false\" \/><\/span><\/p>\n<p><label>Besked<\/label><br \/>\n<span class=\"wpcf7-form-control-wrap textarea-367\"><textarea name=\"textarea-367\" cols=\"40\" rows=\"10\" class=\"wpcf7-form-control wpcf7-textarea wpcf7-validates-as-required\" aria-required=\"true\" aria-invalid=\"false\"><\/textarea><\/span><\/p>\n<p><label><br \/>\n<span class=\"wpcf7-form-control-wrap accept-this-1\"><span class=\"wpcf7-form-control wpcf7-acceptance\"><span class=\"wpcf7-list-item\"><label><input type=\"checkbox\" name=\"accept-this-1\" value=\"1\" aria-invalid=\"false\" \/><span class=\"wpcf7-list-item-label\">I have read and agree to the\n<a href=\"https:\/\/jtnresearch.com\/dk\/privacy-policy\/\" target=\"_blank\" rel=\"noopener\">\nPrivacy Policy\n<\/a><\/span><\/label><\/span><\/span><\/span><br \/>\n<\/label><\/p>\n<div class=\"recaptcha\">\n<div class=\"wpcf7-form-control-wrap\"><div data-sitekey=\"6LdfkN0rAAAAAIlt1FgazvfoghxLxHfyyxoYf1dK\" class=\"wpcf7-form-control g-recaptcha wpcf7-recaptcha\"><\/div>\n<noscript>\n\t<div style=\"width: 302px; height: 422px;\">\n\t\t<div style=\"width: 302px; height: 422px; position: relative;\">\n\t\t\t<div style=\"width: 302px; height: 422px; position: absolute;\">\n\t\t\t\t<iframe src=\"https:\/\/www.google.com\/recaptcha\/api\/fallback?k=6LdfkN0rAAAAAIlt1FgazvfoghxLxHfyyxoYf1dK\" frameborder=\"0\" scrolling=\"no\" style=\"width: 302px; height:422px; border-style: none;\">\n\t\t\t\t<\/iframe>\n\t\t\t<\/div>\n\t\t\t<div style=\"width: 300px; height: 60px; border-style: none; bottom: 12px; left: 25px; margin: 0px; padding: 0px; right: 25px; background: #f9f9f9; border: 1px solid #c1c1c1; border-radius: 3px;\">\n\t\t\t\t<textarea id=\"g-recaptcha-response\" name=\"g-recaptcha-response\" class=\"g-recaptcha-response\" style=\"width: 250px; height: 40px; border: 1px solid #c1c1c1; margin: 10px 25px; padding: 0px; resize: none;\">\n\t\t\t\t<\/textarea>\n\t\t\t<\/div>\n\t\t<\/div>\n\t<\/div>\n<\/noscript>\n<\/div>\n<\/div>\n<div class=\"wpcf7-response-output wpcf7-display-none\"><\/div><input type=\"hidden\" name=\"trp-form-language\" value=\"dk\"\/><\/form><\/div><\/div>\n<\/div>\n<\/div>\n<\/div>\n<\/div>\n<\/div>\n<\/div>","protected":false},"excerpt":{"rendered":"<p>RESOURCES Company presentations that can be downloaded: Panelbook ESOMAR 37 Questions Data quality validation Please fill in the below information and we will be in touch.<\/p>","protected":false},"author":1,"featured_media":425,"parent":0,"menu_order":0,"comment_status":"closed","ping_status":"closed","template":"","meta":[],"_links":{"self":[{"href":"https:\/\/jtnresearch.com\/dk\/wp-json\/wp\/v2\/pages\/190"}],"collection":[{"href":"https:\/\/jtnresearch.com\/dk\/wp-json\/wp\/v2\/pages"}],"about":[{"href":"https:\/\/jtnresearch.com\/dk\/wp-json\/wp\/v2\/types\/page"}],"author":[{"embeddable":true,"href":"https:\/\/jtnresearch.com\/dk\/wp-json\/wp\/v2\/users\/1"}],"replies":[{"embeddable":true,"href":"https:\/\/jtnresearch.com\/dk\/wp-json\/wp\/v2\/comments?post=190"}],"version-history":[{"count":5,"href":"https:\/\/jtnresearch.com\/dk\/wp-json\/wp\/v2\/pages\/190\/revisions"}],"predecessor-version":[{"id":1729,"href":"https:\/\/jtnresearch.com\/dk\/wp-json\/wp\/v2\/pages\/190\/revisions\/1729"}],"wp:featuredmedia":[{"embeddable":true,"href":"https:\/\/jtnresearch.com\/dk\/wp-json\/wp\/v2\/media\/425"}],"wp:attachment":[{"href":"https:\/\/jtnresearch.com\/dk\/wp-json\/wp\/v2\/media?parent=190"}],"curies":[{"name":"wp","href":"https:\/\/api.w.org\/{rel}","templated":true}]}}