{"id":184,"date":"2018-09-07T07:41:18","date_gmt":"2018-09-07T07:41:18","guid":{"rendered":"http:\/\/redi.jtnpanel.com:4000\/?page_id=184"},"modified":"2024-12-12T15:21:31","modified_gmt":"2024-12-12T15:21:31","slug":"about-jtn-research","status":"publish","type":"page","link":"https:\/\/jtnresearch.com\/dk\/about-jtn-research\/","title":{"rendered":"Om JTN"},"content":{"rendered":"<div id=\"pl-184\" class=\"panel-layout\">\n<div id=\"pg-184-0\" class=\"panel-grid panel-no-style\">\n<div id=\"pgc-184-0-0\" class=\"panel-grid-cell\" data-weight=\"1\">\n<div id=\"panel-184-0-0-0\" class=\"so-panel widget widget_sow-editor panel-first-child panel-last-child\" data-index=\"0\" data-style=\"{&quot;background_image_attachment&quot;:false,&quot;background_display&quot;:&quot;tile&quot;}\">\n<div class=\"so-widget-sow-editor so-widget-sow-editor-base\">\n<div class=\"siteorigin-widget-tinymce textwidget\">\n<h1 style=\"text-align: left;\"><span style=\"font-size: 32px;\">OM JTN<\/span><\/h1>\n<p>Etableret i 2007 i Sofia i Bulgarien. Vores mission er at levere de bedste og produktive research l\u00f8sninger som g\u00f8r det muligt for vores kunder at identificere og opfylde deres forretningsm\u00e5l. Vi s\u00e6tter en \u00e6re i at levere indsigter der har til form\u00e5l at hj\u00e6lpe og forst\u00e5 markedet samt identificere dets behov.<\/p>\n<p>Vigtigst af alt har JTN forpligtelser til at levere kvalitetsm\u00e6ssig data og service hver eneste gang. Vi stoler p\u00e5 vores l\u00f8sninger som er med til at sikre at vores kunder altid f\u00e5r leveret kvalitetssikret data, rapportering og analyse som forventet.<\/p>\n<p>JTN er medlem af ESOMAR og BAMOR der lever op til de n\u00f8dvendige standarder og etiske regler.<\/p>\n<p>Kontakt os endelig og modtag vores panelbog!<br \/>\n<a class=\"inner_button\" href=\"\/dk\/resources\/\">Foresp\u00f8rg vores Panelbog<\/a><\/p>\n<\/div>\n<\/div>\n<\/div>\n<\/div>\n<\/div>\n<\/div>","protected":false},"excerpt":{"rendered":"<p>ABOUT Established in 2007, in Sofia, Bulgaria. Our mission is to provide cost-effective, productivity-enhancing research solutions that enable our clients to clearly identify and reach their business objectives. We take pride in producing actionable insights, a basis to formulate winning business strategies. Our services aim to assist in understanding the market and identifying its needs. Most importantly, JTN has an ongoing commitment to delivering advanced quality on each and every sample and service provided. Relying [&hellip;]<\/p>","protected":false},"author":1,"featured_media":83,"parent":0,"menu_order":0,"comment_status":"closed","ping_status":"closed","template":"","meta":[],"_links":{"self":[{"href":"https:\/\/jtnresearch.com\/dk\/wp-json\/wp\/v2\/pages\/184"}],"collection":[{"href":"https:\/\/jtnresearch.com\/dk\/wp-json\/wp\/v2\/pages"}],"about":[{"href":"https:\/\/jtnresearch.com\/dk\/wp-json\/wp\/v2\/types\/page"}],"author":[{"embeddable":true,"href":"https:\/\/jtnresearch.com\/dk\/wp-json\/wp\/v2\/users\/1"}],"replies":[{"embeddable":true,"href":"https:\/\/jtnresearch.com\/dk\/wp-json\/wp\/v2\/comments?post=184"}],"version-history":[{"count":20,"href":"https:\/\/jtnresearch.com\/dk\/wp-json\/wp\/v2\/pages\/184\/revisions"}],"predecessor-version":[{"id":1583,"href":"https:\/\/jtnresearch.com\/dk\/wp-json\/wp\/v2\/pages\/184\/revisions\/1583"}],"wp:featuredmedia":[{"embeddable":true,"href":"https:\/\/jtnresearch.com\/dk\/wp-json\/wp\/v2\/media\/83"}],"wp:attachment":[{"href":"https:\/\/jtnresearch.com\/dk\/wp-json\/wp\/v2\/media?parent=184"}],"curies":[{"name":"wp","href":"https:\/\/api.w.org\/{rel}","templated":true}]}}