{"id":169,"date":"2018-09-06T11:41:58","date_gmt":"2018-09-06T11:41:58","guid":{"rendered":"http:\/\/redi.jtnpanel.com:4000\/?page_id=169"},"modified":"2025-10-09T08:13:02","modified_gmt":"2025-10-09T08:13:02","slug":"request-a-quote","status":"publish","type":"page","link":"https:\/\/jtnresearch.com\/dk\/request-a-quote\/","title":{"rendered":"Send en foresp\u00f8rgsel"},"content":{"rendered":"<div id=\"pl-169\" class=\"panel-layout\">\n<div id=\"pg-169-0\" class=\"panel-grid panel-no-style\">\n<div id=\"pgc-169-0-0\" class=\"panel-grid-cell\" data-weight=\"1\">\n<div id=\"panel-169-0-0-0\" class=\"so-panel widget widget_sow-editor panel-first-child panel-last-child\" data-index=\"0\" data-style=\"{&quot;background_image_attachment&quot;:false,&quot;background_display&quot;:&quot;tile&quot;}\">\n<div class=\"so-widget-sow-editor so-widget-sow-editor-base\">\n<div class=\"siteorigin-widget-tinymce textwidget\">\n<h1 style=\"text-align: left;\"><span style=\"font-size: 32px;\">Send en foresp\u00f8rgsel<\/span><\/h1>\n<p>Hvis du \u00f8nsker et tilbud p\u00e5 din opgave er du velkommen til at sende specifikationer.<\/p>\n<p>Udfyld nedenst\u00e5ende formular og vi vil vende tilbage med l\u00f8sning p\u00e5 din opgave.<br \/>\n<!--\n\n\n<div class=\"contact_form inner_contact_form just-for-english\">[contact-form-7 id=\"6\" title=\"Contact form 1\"]<\/div>\n\n\n\n\n<div class=\"contact_form inner_contact_form just-for-danish\">[contact-form-7 id=\"1091\" title=\"Contact form 2\"]<\/div>\n\n\n--><br \/>\n<div role=\"form\" class=\"wpcf7\" id=\"wpcf7-f2074-o1\" lang=\"en-US\" dir=\"ltr\">\n<div class=\"screen-reader-response\"><\/div>\n<form action=\"\/dk\/wp-json\/wp\/v2\/pages\/169#wpcf7-f2074-o1\" method=\"post\" class=\"wpcf7-form\" novalidate=\"novalidate\" data-trp-original-action=\"\/dk\/wp-json\/wp\/v2\/pages\/169#wpcf7-f2074-o1\">\n<div style=\"display: none;\">\n<input type=\"hidden\" name=\"_wpcf7\" value=\"2074\" \/>\n<input type=\"hidden\" name=\"_wpcf7_version\" value=\"5.0.4\" \/>\n<input type=\"hidden\" name=\"_wpcf7_locale\" value=\"en_US\" \/>\n<input type=\"hidden\" name=\"_wpcf7_unit_tag\" value=\"wpcf7-f2074-o1\" \/>\n<input type=\"hidden\" name=\"_wpcf7_container_post\" value=\"0\" \/>\n<\/div>\n<p><label>Navn<br \/>\n<span class=\"wpcf7-form-control-wrap text-937\"><input type=\"text\" name=\"text-937\" value=\"\" size=\"40\" class=\"wpcf7-form-control wpcf7-text wpcf7-validates-as-required\" aria-required=\"true\" aria-invalid=\"false\" \/><\/span><\/label><\/p>\n<p><label>Email<br \/>\n<span class=\"wpcf7-form-control-wrap email-911\"><input type=\"email\" name=\"email-911\" value=\"\" size=\"40\" class=\"wpcf7-form-control wpcf7-text wpcf7-email wpcf7-validates-as-required wpcf7-validates-as-email\" aria-required=\"true\" aria-invalid=\"false\" \/><\/span><\/label><\/p>\n<p><label>Emne<br \/>\n<span class=\"wpcf7-form-control-wrap text-938\"><input type=\"text\" name=\"text-938\" value=\"\" size=\"40\" class=\"wpcf7-form-control wpcf7-text wpcf7-validates-as-required\" aria-required=\"true\" aria-invalid=\"false\" \/><\/span><\/label><\/p>\n<p><label>Besked<br \/>\n<span class=\"wpcf7-form-control-wrap textarea-367\"><textarea name=\"textarea-367\" cols=\"40\" rows=\"10\" class=\"wpcf7-form-control wpcf7-textarea wpcf7-validates-as-required\" aria-required=\"true\" aria-invalid=\"false\"><\/textarea><\/span><\/label><\/p>\n<p> <label><span class=\"wpcf7-form-control-wrap accept-this-1\"><span class=\"wpcf7-form-control wpcf7-acceptance\"><span class=\"wpcf7-list-item\"><input type=\"checkbox\" name=\"accept-this-1\" value=\"1\" aria-invalid=\"false\" \/><\/span><\/span><\/span> I have read and agree to the <a href=\"https:\/\/jtnresearch.com\/dk\/privacy-policy\/\">Privacy Policy<\/a><\/label><\/p>\n<div class=\"wpcf7-form-control-wrap\"><div data-sitekey=\"6LdfkN0rAAAAAIlt1FgazvfoghxLxHfyyxoYf1dK\" class=\"wpcf7-form-control g-recaptcha wpcf7-recaptcha\"><\/div>\n<noscript>\n\t<div style=\"width: 302px; height: 422px;\">\n\t\t<div style=\"width: 302px; height: 422px; position: relative;\">\n\t\t\t<div style=\"width: 302px; height: 422px; position: absolute;\">\n\t\t\t\t<iframe src=\"https:\/\/www.google.com\/recaptcha\/api\/fallback?k=6LdfkN0rAAAAAIlt1FgazvfoghxLxHfyyxoYf1dK\" frameborder=\"0\" scrolling=\"no\" style=\"width: 302px; height:422px; border-style: none;\">\n\t\t\t\t<\/iframe>\n\t\t\t<\/div>\n\t\t\t<div style=\"width: 300px; height: 60px; border-style: none; bottom: 12px; left: 25px; margin: 0px; padding: 0px; right: 25px; background: #f9f9f9; border: 1px solid #c1c1c1; border-radius: 3px;\">\n\t\t\t\t<textarea id=\"g-recaptcha-response\" name=\"g-recaptcha-response\" class=\"g-recaptcha-response\" style=\"width: 250px; height: 40px; border: 1px solid #c1c1c1; margin: 10px 25px; padding: 0px; resize: none;\">\n\t\t\t\t<\/textarea>\n\t\t\t<\/div>\n\t\t<\/div>\n\t<\/div>\n<\/noscript>\n<\/div>\n<p><label><input type=\"submit\" value=\"Send\" class=\"wpcf7-form-control wpcf7-submit panel_book\" \/><\/label><\/p>\n<div class=\"wpcf7-response-output wpcf7-display-none\"><\/div><input type=\"hidden\" name=\"trp-form-language\" value=\"dk\"\/><\/form><\/div><\/p>\n<\/div>\n<\/div>\n<\/div>\n<\/div>\n<\/div>\n<\/div>","protected":false},"excerpt":{"rendered":"<p>REQUEST A QUOTE You can request a quote here as well. Please fill in the below information and we will be in touch.<\/p>","protected":false},"author":1,"featured_media":424,"parent":0,"menu_order":0,"comment_status":"closed","ping_status":"closed","template":"","meta":[],"_links":{"self":[{"href":"https:\/\/jtnresearch.com\/dk\/wp-json\/wp\/v2\/pages\/169"}],"collection":[{"href":"https:\/\/jtnresearch.com\/dk\/wp-json\/wp\/v2\/pages"}],"about":[{"href":"https:\/\/jtnresearch.com\/dk\/wp-json\/wp\/v2\/types\/page"}],"author":[{"embeddable":true,"href":"https:\/\/jtnresearch.com\/dk\/wp-json\/wp\/v2\/users\/1"}],"replies":[{"embeddable":true,"href":"https:\/\/jtnresearch.com\/dk\/wp-json\/wp\/v2\/comments?post=169"}],"version-history":[{"count":19,"href":"https:\/\/jtnresearch.com\/dk\/wp-json\/wp\/v2\/pages\/169\/revisions"}],"predecessor-version":[{"id":2084,"href":"https:\/\/jtnresearch.com\/dk\/wp-json\/wp\/v2\/pages\/169\/revisions\/2084"}],"wp:featuredmedia":[{"embeddable":true,"href":"https:\/\/jtnresearch.com\/dk\/wp-json\/wp\/v2\/media\/424"}],"wp:attachment":[{"href":"https:\/\/jtnresearch.com\/dk\/wp-json\/wp\/v2\/media?parent=169"}],"curies":[{"name":"wp","href":"https:\/\/api.w.org\/{rel}","templated":true}]}}