{"id":112,"date":"2018-09-06T09:56:34","date_gmt":"2018-09-06T09:56:34","guid":{"rendered":"http:\/\/redi.jtnpanel.com:4000\/?page_id=112"},"modified":"2025-10-09T09:27:56","modified_gmt":"2025-10-09T09:27:56","slug":"obtain-insights","status":"publish","type":"page","link":"https:\/\/jtnresearch.com\/dk\/obtain-insights\/","title":{"rendered":"F\u00e5 indsigt"},"content":{"rendered":"<div id=\"pl-112\" class=\"panel-layout\">\n<div id=\"pg-112-0\" class=\"panel-grid panel-no-style\">\n<div id=\"pgc-112-0-0\" class=\"panel-grid-cell\" data-weight=\"1\">\n<div id=\"panel-112-0-0-0\" class=\"so-panel widget widget_sow-editor panel-first-child panel-last-child\" data-index=\"0\" data-style=\"{&quot;background_image_attachment&quot;:false,&quot;background_display&quot;:&quot;tile&quot;}\">\n<div class=\"so-widget-sow-editor so-widget-sow-editor-base\">\n<div class=\"siteorigin-widget-tinymce textwidget\">\n<h1 style=\"text-align: left;\"><span style=\"font-size: 32px;\">F\u00c5 INDSIGT<\/span><\/h1>\n<h2><span style=\"font-size: 24px;\">Hurtig annoncetest<\/span><\/h2>\n<p>Vi arbejder i en verden hvor rigtig mange virksomheder bruger mange penge p\u00e5 annoncering og reklame. Hvad er den bedste m\u00e5de at vise forbrugerne sit budskab?<\/p>\n<p>Med vores hurtig annoncetest kan vi forudsige og evaluere p\u00e5 hvor godt Jeres produkt vil klare sig ude i den store verden. Kommer det til at levere det resultat som I leder efter ?<\/p>\n<p>Lad os finde  en l\u00f8sning sammen!<\/p>\n<p>Hvordan fungere det?<\/p>\n<p>1) I sender Jeres ideer til annoncen<br \/>\n2) Vi implementere scriptet<br \/>\n3) Vi indsamler data via unders\u00f8gelsen og levere resultat efter 24-48 timer<\/p>\n<p>Hurtig annoncetest kan udf\u00f8res med:<br \/>\n\u2013 Static \/ still images<br \/>\n\u2013 Video ads<br \/>\n\u2013 Storyboards<\/p>\n<h2><span style=\"font-size: 24px;\">Ad hocs &amp; Trackers<\/span><\/h2>\n<p>F\u00e5 de relevante og brugbare svar fra Jeres m\u00e5lgruppe. Evaluer data her og nu eller over en l\u00e6ngerevarende feltperiode.<\/p>\n<p>Ingen grund til eksperimenter og dyre l\u00f8sninger, I kan stole p\u00e5 vores ekspertise. Vi vil forbereder udsendelse af Jeres sp\u00f8rgeramme, indsamling af data i den \u00f8nskede m\u00e5lgruppe og levere fyldestg\u00f8rende og n\u00f8dvendig resultat p\u00e5 baggrund af den indsamlede m\u00e6ngde af data.<\/p>\n<h2><span style=\"font-size: 24px;\">Brand Tracking<\/span><\/h2>\n<p>Se hvordan Jeres brand g\u00f8r indtryk p\u00e5 markedet, hvordan forbrugerene opfatter det og hvilke v\u00e6rdier de v\u00e6rds\u00e6tter i Jeres produkt.<\/p>\n<p>Der er s\u00e5 mange muligheder og JTN vil finde den bedste l\u00f8sning der passer lige netop til jeres strategi.<\/p>\n<h2><span style=\"font-size: 24px;\">JTN Omnibus<\/span><\/h2>\n<p>JTN Omnibus giver dig adgang til hurtig og effektivt resultat uden de store omkostninger.<\/p>\n<p>Almindelig brug af JTN Omnibus er blandt national repr\u00e6sentativ befolkning og ofte inden for Brand, Produkt og annonce\/reklame kendskab. Man kan have minimum 3 og h\u00f8jst 12 sp\u00f8rgsm\u00e5l som ogs\u00e5 kan omfatte billeder og videoklip.<\/p>\n<h2><span style=\"font-size: 24px;\">Incidence tjek<\/span><\/h2>\n<p>Hvis du er interesseret i at unders\u00f8ge bestemt f\u00e6nomens st\u00f8rrelse kan man med fordel sende bredt ud til befolkning i det valgte marked\/land.  I data findes procentfordeling p\u00e5 specifik m\u00e5lgruppe p\u00e5 baggrund af indsamlet svar og kendskab. Det kan f.eks. v\u00e6re Kvinder i alderen 20-35 som bor i region Hovedstaden og er non-rejectors af smoothies.<\/p>\n<h2><span style=\"font-size: 24px;\">Tilfredshedsunders\u00f8gelser<\/span><\/h2>\n<p>Har du brug for tilfredsm\u00e5ling af kundetilfredshed, kunder eller dine ansatte har vi de bedste l\u00f8sninger samt ekspertise til at varetage denne opgave professionelt.<\/p>\n<p>Tilfredhedsunders\u00f8gelser kr\u00e6ver en korrekt tilgang og balance fra sp\u00f8rgeramme, dataindsamling og levering af data for at opn\u00e5 retvisende resultater. Vi har stor erfaring inden for dette og vi beviser altid vi ved hvad vi taler om.<\/p>\n<h2><span style=\"font-size: 24px;\">Passiv m\u00e5linger<\/span><\/h2>\n<p>Forbrugernes mening taler sit tydelige sprog.<\/p>\n<p>Vores proces giver os muligheden for at udforske bestemte m\u00f8nstre i forbrugerens adf\u00e6rd som giver en klar indsigt og dybde i enhver unders\u00f8gelse inden for markedsanalyse. En aktiv panel unders\u00f8gelse og en passiv m\u00e5ling giver et retvisende billede af forbrugernes gruppering samt en detalje orienteret under-gruppering.<\/p>\n<p>&nbsp;<\/p>\n<\/div>\n<h4><span style=\"color: #262d5e;\"><strong>Kontakt os endelig og modtag vores panelbog!<\/strong><\/span><br \/>\n<a class=\"inner_button\" href=\"https:\/\/jtnresearch.com\/dk\/request-a-panel-book\/\">Foresp\u00f8rg vores Panelbog<\/a><\/h4>\n<\/div>\n<\/div>\n<\/div>\n<\/div>\n<\/div>","protected":false},"excerpt":{"rendered":"<p>OBTAIN INSIGHTS Rapid Ad Test We live in a world where companies spend millions of dollars on advertising. What is the best way to show consumers the most meaningful message? With our Rapid Ad Test product we can predict and evaluate how well your ad will perform in the market. Is it going to deliver the result and message that you are after? Let&#8217;s find out together! How does this work? 1) You send us [&hellip;]<\/p>","protected":false},"author":1,"featured_media":126,"parent":0,"menu_order":0,"comment_status":"closed","ping_status":"closed","template":"","meta":[],"_links":{"self":[{"href":"https:\/\/jtnresearch.com\/dk\/wp-json\/wp\/v2\/pages\/112"}],"collection":[{"href":"https:\/\/jtnresearch.com\/dk\/wp-json\/wp\/v2\/pages"}],"about":[{"href":"https:\/\/jtnresearch.com\/dk\/wp-json\/wp\/v2\/types\/page"}],"author":[{"embeddable":true,"href":"https:\/\/jtnresearch.com\/dk\/wp-json\/wp\/v2\/users\/1"}],"replies":[{"embeddable":true,"href":"https:\/\/jtnresearch.com\/dk\/wp-json\/wp\/v2\/comments?post=112"}],"version-history":[{"count":18,"href":"https:\/\/jtnresearch.com\/dk\/wp-json\/wp\/v2\/pages\/112\/revisions"}],"predecessor-version":[{"id":2087,"href":"https:\/\/jtnresearch.com\/dk\/wp-json\/wp\/v2\/pages\/112\/revisions\/2087"}],"wp:featuredmedia":[{"embeddable":true,"href":"https:\/\/jtnresearch.com\/dk\/wp-json\/wp\/v2\/media\/126"}],"wp:attachment":[{"href":"https:\/\/jtnresearch.com\/dk\/wp-json\/wp\/v2\/media?parent=112"}],"curies":[{"name":"wp","href":"https:\/\/api.w.org\/{rel}","templated":true}]}}